{"id":87,"date":"2022-02-24T17:13:32","date_gmt":"2022-02-24T16:13:32","guid":{"rendered":"http:\/\/se2u.polsinelli.me\/?page_id=87"},"modified":"2022-10-20T09:01:50","modified_gmt":"2022-10-20T07:01:50","slug":"devenir-chef-de-station","status":"publish","type":"page","link":"https:\/\/se2u.polsinelli.me\/index.php\/devenir-chef-de-station\/","title":{"rendered":"Devenir chef de Station"},"content":{"rendered":"\n<h3 class=\"has-bright-blue-color has-text-color wp-block-heading\">Salaire d\u00e9butant: <em>2500\u20ac brut \/ mois<\/em><\/h3>\n\n\n\n<h3 class=\"wp-block-heading\">Apr\u00e8s le brevet <em>(en 3ans)<\/em><\/h3>\n\n\n\n<ul class=\"wp-block-list\"><li><a rel=\"noreferrer noopener\" href=\"https:\/\/www.onisep.fr\/Ressources\/Univers-Formation\/Formations\/Lycees\/bac-pro-procedes-de-la-chimie-de-l-eau-et-des-papiers-cartons\" data-type=\"URL\" data-id=\"https:\/\/www.onisep.fr\/Ressources\/Univers-Formation\/Formations\/Lycees\/bac-pro-procedes-de-la-chimie-de-l-eau-et-des-papiers-cartons\" target=\"_blank\">Bac pro PCEPC &#8211; Proc\u00e9d\u00e9 de la Chimie, de l&rsquo;Eau et du Papier \/ Carton<\/a><\/li><li><a href=\"https:\/\/www.onisep.fr\/Ressources\/Univers-Formation\/Formations\/Lycees\/bac-pro-gestion-des-milieux-naturels-et-de-la-faune\" data-type=\"URL\" data-id=\"https:\/\/www.onisep.fr\/Ressources\/Univers-Formation\/Formations\/Lycees\/bac-pro-gestion-des-milieux-naturels-et-de-la-faune\" target=\"_blank\" rel=\"noreferrer noopener\">Bac pro GMNF &#8211; Gestion des Milieux Naturels et de la Faune<\/a><\/li><\/ul>\n\n\n\n<h3 class=\"wp-block-heading\">Apr\u00e8s le bac <em>(en 2ans)<\/em><\/h3>\n\n\n\n<ul class=\"wp-block-list\"><li><a rel=\"noreferrer noopener\" href=\"https:\/\/www.onisep.fr\/Ressources\/Univers-Formation\/Formations\/Post-bac\/bts-metiers-de-l-eau\" data-type=\"URL\" data-id=\"https:\/\/www.onisep.fr\/Ressources\/Univers-Formation\/Formations\/Post-bac\/bts-metiers-de-l-eau\" target=\"_blank\">BTS m\u00e9tiers de l&rsquo;eau<\/a><\/li><li><a rel=\"noreferrer noopener\" href=\"https:\/\/www.onisep.fr\/Ressources\/Univers-Formation\/Formations\/Post-bac\/bts-metiers-des-services-a-l-environnement\" data-type=\"URL\" data-id=\"https:\/\/www.onisep.fr\/Ressources\/Univers-Formation\/Formations\/Post-bac\/bts-metiers-des-services-a-l-environnement\" target=\"_blank\">BTS des services \u00e0 l&rsquo;environnement<\/a><\/li><li><a href=\"https:\/\/www.onisep.fr\/Ressources\/Univers-Formation\/Formations\/Post-bac\/btsa-gestion-et-maitrise-de-l-eau\" data-type=\"URL\" data-id=\"https:\/\/www.onisep.fr\/Ressources\/Univers-Formation\/Formations\/Post-bac\/btsa-gestion-et-maitrise-de-l-eau\" target=\"_blank\" rel=\"noreferrer noopener\">BTSA gestion en maitrise de l&rsquo;<\/a><a rel=\"noreferrer noopener\" href=\"https:\/\/www.onisep.fr\/Ressources\/Univers-Formation\/Formations\/Post-bac\/btsa-gestion-et-maitrise-de-l-eau\" data-type=\"URL\" data-id=\"https:\/\/www.onisep.fr\/Ressources\/Univers-Formation\/Formations\/Post-bac\/btsa-gestion-et-maitrise-de-l-eau\" target=\"_blank\">e<\/a><a href=\"https:\/\/www.onisep.fr\/Ressources\/Univers-Formation\/Formations\/Post-bac\/btsa-gestion-et-maitrise-de-l-eau\" data-type=\"URL\" data-id=\"https:\/\/www.onisep.fr\/Ressources\/Univers-Formation\/Formations\/Post-bac\/btsa-gestion-et-maitrise-de-l-eau\">au<\/a><\/li><\/ul>\n\n\n\n<h3 class=\"wp-block-heading\">Apr\u00e8s un bac +2 (en 2 \/ 3ans) <\/h3>\n\n\n\n<ul class=\"wp-block-list\"><li><a rel=\"noreferrer noopener\" href=\"https:\/\/www.onisep.fr\/Ressources\/Univers-Formation\/Formations\/Post-bac\/master-mention-biologie\" data-type=\"URL\" data-id=\"https:\/\/www.onisep.fr\/Ressources\/Univers-Formation\/Formations\/Post-bac\/master-mention-biologie\" target=\"_blank\">Master en biologie<\/a><\/li><li><a rel=\"noreferrer noopener\" href=\"https:\/\/www.onisep.fr\/Ressources\/Univers-Formation\/Formations\/Post-bac\/master-mention-chimie\" data-type=\"URL\" data-id=\"https:\/\/www.onisep.fr\/Ressources\/Univers-Formation\/Formations\/Post-bac\/master-mention-chimie\" target=\"_blank\">Master en chimie<\/a><\/li><li><a rel=\"noreferrer noopener\" href=\"https:\/\/www.onisep.fr\/Ressources\/Univers-Formation\/Formations\/Post-bac\/diplome-d-ingenieur-de-l-ecole-nationale-du-genie-de-l-eau-et-de-l-environnement-de-strasbourg\" data-type=\"URL\" data-id=\"https:\/\/www.onisep.fr\/Ressources\/Univers-Formation\/Formations\/Post-bac\/diplome-d-ingenieur-de-l-ecole-nationale-du-genie-de-l-eau-et-de-l-environnement-de-strasbourg\" target=\"_blank\">Dipl\u00f4me d&rsquo;ing\u00e9nieur du g\u00e9nie de l&rsquo;eau<\/a><\/li><\/ul>\n\n\n\n<h3 class=\"has-text-color wp-block-heading\" style=\"color:#ff0000\">Dipl\u00f4me final : Bac +5<\/h3>\n","protected":false},"excerpt":{"rendered":"<p>Salaire d\u00e9butant: 2500\u20ac brut \/ mois Apr\u00e8s le brevet (en 3ans) Bac pro PCEPC &#8211; Proc\u00e9d\u00e9 de la Chimie, de l&rsquo;Eau et du Papier \/ Carton Bac pro GMNF &#8211; Gestion des Milieux Naturels et de la Faune Apr\u00e8s le bac (en 2ans) BTS m\u00e9tiers de l&rsquo;eau BTS des services [&hellip;]<\/p>\n","protected":false},"author":1,"featured_media":0,"parent":0,"menu_order":0,"comment_status":"closed","ping_status":"closed","template":"","meta":{"qubely_global_settings":"","qubely_interactions":"","footnotes":""},"class_list":["post-87","page","type-page","status-publish","hentry"],"_links":{"self":[{"href":"https:\/\/se2u.polsinelli.me\/index.php\/wp-json\/wp\/v2\/pages\/87","targetHints":{"allow":["GET"]}}],"collection":[{"href":"https:\/\/se2u.polsinelli.me\/index.php\/wp-json\/wp\/v2\/pages"}],"about":[{"href":"https:\/\/se2u.polsinelli.me\/index.php\/wp-json\/wp\/v2\/types\/page"}],"author":[{"embeddable":true,"href":"https:\/\/se2u.polsinelli.me\/index.php\/wp-json\/wp\/v2\/users\/1"}],"replies":[{"embeddable":true,"href":"https:\/\/se2u.polsinelli.me\/index.php\/wp-json\/wp\/v2\/comments?post=87"}],"version-history":[{"count":8,"href":"https:\/\/se2u.polsinelli.me\/index.php\/wp-json\/wp\/v2\/pages\/87\/revisions"}],"predecessor-version":[{"id":487,"href":"https:\/\/se2u.polsinelli.me\/index.php\/wp-json\/wp\/v2\/pages\/87\/revisions\/487"}],"wp:attachment":[{"href":"https:\/\/se2u.polsinelli.me\/index.php\/wp-json\/wp\/v2\/media?parent=87"}],"curies":[{"name":"wp","href":"https:\/\/api.w.org\/{rel}","templated":true}]}}