{"id":82,"date":"2022-02-24T14:43:07","date_gmt":"2022-02-24T13:43:07","guid":{"rendered":"http:\/\/se2u.polsinelli.me\/?page_id=82"},"modified":"2022-10-19T10:54:57","modified_gmt":"2022-10-19T08:54:57","slug":"legislations","status":"publish","type":"page","link":"https:\/\/se2u.polsinelli.me\/index.php\/legislations\/","title":{"rendered":"L\u00e9gislation"},"content":{"rendered":"\n<h5 class=\"wp-block-heading\">Les normes de rejet :<\/h5>\n\n\n\n<p>Afin de ne pas polluer les eaux de surface (lacs, rivi\u00e8res, \u00e9tangs et marais), les eaux us\u00e9es doivent \u00eatres trait\u00e9es. Certaines <a href=\"https:\/\/www.legifrance.gouv.fr\/loda\/id\/LEGITEXT000005625281\/\" data-type=\"URL\" data-id=\"https:\/\/www.legifrance.gouv.fr\/loda\/id\/LEGITEXT000005625281\/\" target=\"_blank\" rel=\"noreferrer noopener\">normes<\/a> de rejet ont \u00e9t\u00e9 mis en place pour \u00e9viter une destruction de la faune et la flore. Pour respecter ces normes, des pr\u00e9l\u00e8vements sont r\u00e9alis\u00e9s \u00e0 l\u2019entr\u00e9e et juste avant le rejet des eaux de la station d\u2019\u00e9puration. Si ces normes ne sont pas respect\u00e9es, le proc\u00e9d\u00e9 est r\u00e9p\u00e9t\u00e9 une seconde fois, on dit que l\u2019eau est recycl\u00e9e.<\/p>\n\n\n\n<figure class=\"wp-block-image size-full is-resized\"><img loading=\"lazy\" decoding=\"async\" src=\"https:\/\/se2u.polsinelli.me\/wp-content\/uploads\/2022\/03\/image.png\" alt=\"\" class=\"wp-image-159\" width=\"630\" height=\"141\" srcset=\"https:\/\/se2u.polsinelli.me\/wp-content\/uploads\/2022\/03\/image.png 594w, https:\/\/se2u.polsinelli.me\/wp-content\/uploads\/2022\/03\/image-300x67.png 300w\" sizes=\"auto, (max-width: 630px) 100vw, 630px\" \/><\/figure>\n\n\n\n<p><sub>Tableau des performances minimales de traitement attendues pour les param\u00e8tres azote et phosphore, dans le cas des stations rejetant en zone sensible \u00e0 l&rsquo;eutrophisation. La valeur de la concentration maximale \u00e0 respecter ou le rendement minimum sont appliqu\u00e9s.<\/sub><\/p>\n\n\n\n<p><\/p>\n\n\n\n<figure class=\"wp-block-image size-full is-resized\"><img loading=\"lazy\" decoding=\"async\" src=\"https:\/\/se2u.polsinelli.me\/wp-content\/uploads\/2022\/03\/image-1.png\" alt=\"\" class=\"wp-image-166\" width=\"632\" height=\"194\" srcset=\"https:\/\/se2u.polsinelli.me\/wp-content\/uploads\/2022\/03\/image-1.png 537w, https:\/\/se2u.polsinelli.me\/wp-content\/uploads\/2022\/03\/image-1-300x92.png 300w\" sizes=\"auto, (max-width: 632px) 100vw, 632px\" \/><\/figure>\n\n\n\n<p><sub>Tableau des performances minimales des stations de traitement des eaux us\u00e9es des agglom\u00e9rations d&rsquo;assainissement .<\/sub><\/p>\n\n\n\n<div class=\"wp-block-group\"><div class=\"wp-block-group__inner-container is-layout-flow wp-block-group-is-layout-flow\">\n<p><a rel=\"noreferrer noopener\" href=\"https:\/\/fr.wikipedia.org\/wiki\/Demande_biochimique_en_oxyg%C3%A8ne\" data-type=\"URL\" data-id=\"https:\/\/fr.wikipedia.org\/wiki\/Demande_biochimique_en_oxyg%C3%A8ne\" target=\"_blank\">DBO<sub>5<\/sub><\/a> : Quantit\u00e9 de mati\u00e8re organique biod\u00e9gradable&nbsp;contenue dans une eau.<\/p>\n\n\n\n<p><a href=\"https:\/\/fr.wikipedia.org\/wiki\/Demande_chimique_en_oxyg%C3%A8ne\" data-type=\"URL\" data-id=\"https:\/\/fr.wikipedia.org\/wiki\/Demande_chimique_en_oxyg%C3%A8ne\" target=\"_blank\" rel=\"noreferrer noopener\">DCO<\/a> : Demande chimique en oxyg\u00e8ne <\/p>\n\n\n\n<p><a href=\"https:\/\/fr.wikipedia.org\/wiki\/Mati%C3%A8re_en_suspension\" data-type=\"URL\" data-id=\"https:\/\/fr.wikipedia.org\/wiki\/Mati%C3%A8re_en_suspension\" target=\"_blank\" rel=\"noreferrer noopener\">MES<\/a> : Mati\u00e8res en suspensions<\/p>\n<\/div><\/div>\n\n\n\n<p>Le potentiel hydrog\u00e8ne (<a href=\"https:\/\/fr.wikipedia.org\/wiki\/Potentiel_hydrog%C3%A8ne\" data-type=\"URL\" data-id=\"https:\/\/fr.wikipedia.org\/wiki\/Potentiel_hydrog%C3%A8ne\" target=\"_blank\" rel=\"noreferrer noopener\">PH<\/a>) de l&rsquo;eau doit \u00eatre compris entre 5.5 et 8.5 et sa temp\u00e9rature inferieure \u00e0 30\u00b0C<\/p>\n","protected":false},"excerpt":{"rendered":"<p>Les normes de rejet : Afin de ne pas polluer les eaux de surface (lacs, rivi\u00e8res, \u00e9tangs et marais), les eaux us\u00e9es doivent \u00eatres trait\u00e9es. Certaines normes de rejet ont \u00e9t\u00e9 mis en place pour \u00e9viter une destruction de la faune et la flore. Pour respecter ces normes, des pr\u00e9l\u00e8vements [&hellip;]<\/p>\n","protected":false},"author":1,"featured_media":0,"parent":0,"menu_order":0,"comment_status":"closed","ping_status":"closed","template":"","meta":{"qubely_global_settings":"","qubely_interactions":"","footnotes":""},"class_list":["post-82","page","type-page","status-publish","hentry"],"_links":{"self":[{"href":"https:\/\/se2u.polsinelli.me\/index.php\/wp-json\/wp\/v2\/pages\/82","targetHints":{"allow":["GET"]}}],"collection":[{"href":"https:\/\/se2u.polsinelli.me\/index.php\/wp-json\/wp\/v2\/pages"}],"about":[{"href":"https:\/\/se2u.polsinelli.me\/index.php\/wp-json\/wp\/v2\/types\/page"}],"author":[{"embeddable":true,"href":"https:\/\/se2u.polsinelli.me\/index.php\/wp-json\/wp\/v2\/users\/1"}],"replies":[{"embeddable":true,"href":"https:\/\/se2u.polsinelli.me\/index.php\/wp-json\/wp\/v2\/comments?post=82"}],"version-history":[{"count":7,"href":"https:\/\/se2u.polsinelli.me\/index.php\/wp-json\/wp\/v2\/pages\/82\/revisions"}],"predecessor-version":[{"id":448,"href":"https:\/\/se2u.polsinelli.me\/index.php\/wp-json\/wp\/v2\/pages\/82\/revisions\/448"}],"wp:attachment":[{"href":"https:\/\/se2u.polsinelli.me\/index.php\/wp-json\/wp\/v2\/media?parent=82"}],"curies":[{"name":"wp","href":"https:\/\/api.w.org\/{rel}","templated":true}]}}