{"id":81,"date":"2022-02-24T14:43:07","date_gmt":"2022-02-24T13:43:07","guid":{"rendered":"http:\/\/se2u.polsinelli.me\/?page_id=81"},"modified":"2022-03-10T14:18:00","modified_gmt":"2022-03-10T13:18:00","slug":"les-stations-depurations","status":"publish","type":"page","link":"https:\/\/se2u.polsinelli.me\/index.php\/les-stations-depurations\/","title":{"rendered":"Les stations d&rsquo;\u00e9purations"},"content":{"rendered":"\n<h5 class=\"wp-block-heading\">Quelle est l&rsquo;utilit\u00e9 des stations d&rsquo;\u00e9puration ?<\/h5>\n\n\n\n<p>Une station d\u2019\u00e9puration a pour objectif de traiter l\u2019eau pour pouvoir la rejeter dans la nature sans que la nature soit d\u00e9stabilis\u00e9e. Il y a longtemps, l\u2019eau n\u2019avait pas besoin d\u2019\u00eatre trait\u00e9e en station d\u2019\u00e9puration, en effet l\u2019eau s\u2019\u00e9purait d\u2019elle m\u00eame gr\u00e2ce \u00e0 l\u2019action de bact\u00e9ries, mais avec l&rsquo;augmentation de la pollution d\u00fb \u00e0 l\u2019activit\u00e9 humaine on a d\u00fb r\u00e9fl\u00e9chir sur des moyens de traiter cette eau pollu\u00e9e pr\u00e9sente dans la nature. Ce n\u2019est qu\u2019en 1914, que deux anglais (Edward Ardern et William Lockett) ont cr\u00e9\u00e9 le premier proc\u00e9d\u00e9 d\u2019\u00e9puration de l\u2019eau. Suite a cela, il y a eu un essor des stations d\u2019\u00e9puration en France, \u00c9tats-Unis et Grande Bretagne d\u2019abord en zone rurale puis en zone urbaine ainsi que les proc\u00e9d\u00e9s physico-chimiques qui sont eux aussi arriv\u00e9s dans le d\u00e9but des ann\u00e9es 60.<\/p>\n\n\n\n<div class=\"wp-block-columns is-layout-flex wp-container-core-columns-is-layout-9d6595d7 wp-block-columns-is-layout-flex\">\n<div class=\"wp-block-column is-layout-flow wp-block-column-is-layout-flow\" style=\"flex-basis:100%\">\n<div class=\"wp-block-columns is-layout-flex wp-container-core-columns-is-layout-9d6595d7 wp-block-columns-is-layout-flex\">\n<div class=\"wp-block-column is-layout-flow wp-block-column-is-layout-flow\">\n<p>Afin de pouvoir rejeter les eaux us\u00e9es dans des milieux naturels sans les polluer, il faut traiter celles-ci. A l&rsquo;issu de ce traitement, des contr\u00f4les sont effectu\u00e9s afin de respecter les normes.<\/p>\n\n\n\n<div class=\"wp-block-buttons is-layout-flex wp-block-buttons-is-layout-flex\">\n<div class=\"wp-block-button\"><a class=\"wp-block-button__link\" href=\"https:\/\/se2u.polsinelli.me\/index.php\/traitement-des-eaux-usees\/\">Traitement des eaux us\u00e9es<\/a><\/div>\n<\/div>\n<\/div>\n\n\n\n<div class=\"wp-block-column is-layout-flow wp-block-column-is-layout-flow\">\n<p>A l&rsquo;issu du traitement des eaux, les boues (compos\u00e9es essentiellement de mati\u00e8res organiques) sont r\u00e9cup\u00e9r\u00e9es afin de les revaloriser en les compostant et les transformer en engrais.<\/p>\n\n\n\n<div class=\"wp-block-buttons is-layout-flex wp-block-buttons-is-layout-flex\">\n<div class=\"wp-block-button\"><a class=\"wp-block-button__link\" href=\"https:\/\/se2u.polsinelli.me\/index.php\/traitement-des-boues-depuration\/\">traitement des boues d&rsquo;\u00e9puration<\/a><\/div>\n<\/div>\n<\/div>\n<\/div>\n<\/div>\n<\/div>\n","protected":false},"excerpt":{"rendered":"<p>Quelle est l&rsquo;utilit\u00e9 des stations d&rsquo;\u00e9puration ? Une station d\u2019\u00e9puration a pour objectif de traiter l\u2019eau pour pouvoir la rejeter dans la nature sans que la nature soit d\u00e9stabilis\u00e9e. Il y a longtemps, l\u2019eau n\u2019avait pas besoin d\u2019\u00eatre trait\u00e9e en station d\u2019\u00e9puration, en effet l\u2019eau s\u2019\u00e9purait d\u2019elle m\u00eame gr\u00e2ce \u00e0 [&hellip;]<\/p>\n","protected":false},"author":1,"featured_media":0,"parent":0,"menu_order":0,"comment_status":"closed","ping_status":"closed","template":"","meta":{"qubely_global_settings":"","qubely_interactions":"","footnotes":""},"class_list":["post-81","page","type-page","status-publish","hentry"],"_links":{"self":[{"href":"https:\/\/se2u.polsinelli.me\/index.php\/wp-json\/wp\/v2\/pages\/81","targetHints":{"allow":["GET"]}}],"collection":[{"href":"https:\/\/se2u.polsinelli.me\/index.php\/wp-json\/wp\/v2\/pages"}],"about":[{"href":"https:\/\/se2u.polsinelli.me\/index.php\/wp-json\/wp\/v2\/types\/page"}],"author":[{"embeddable":true,"href":"https:\/\/se2u.polsinelli.me\/index.php\/wp-json\/wp\/v2\/users\/1"}],"replies":[{"embeddable":true,"href":"https:\/\/se2u.polsinelli.me\/index.php\/wp-json\/wp\/v2\/comments?post=81"}],"version-history":[{"count":7,"href":"https:\/\/se2u.polsinelli.me\/index.php\/wp-json\/wp\/v2\/pages\/81\/revisions"}],"predecessor-version":[{"id":201,"href":"https:\/\/se2u.polsinelli.me\/index.php\/wp-json\/wp\/v2\/pages\/81\/revisions\/201"}],"wp:attachment":[{"href":"https:\/\/se2u.polsinelli.me\/index.php\/wp-json\/wp\/v2\/media?parent=81"}],"curies":[{"name":"wp","href":"https:\/\/api.w.org\/{rel}","templated":true}]}}