{"id":76,"date":"2022-02-24T14:40:38","date_gmt":"2022-02-24T13:40:38","guid":{"rendered":"http:\/\/se2u.polsinelli.me\/?page_id=76"},"modified":"2022-10-19T11:29:03","modified_gmt":"2022-10-19T09:29:03","slug":"traitement-des-boues-depuration","status":"publish","type":"page","link":"https:\/\/se2u.polsinelli.me\/index.php\/traitement-des-boues-depuration\/","title":{"rendered":"Traitement des boues d&rsquo;\u00e9puration"},"content":{"rendered":"\n<h5 class=\"wp-block-heading\">Qu&rsquo;est-ce qu&rsquo;une boue d&rsquo;\u00e9puration ?<\/h5>\n\n\n\n<p>Une boue d\u2019\u00e9puration est un d\u00e9chet produit par une station d\u2019\u00e9puration. La boue contient des mati\u00e8res min\u00e9rales et organiques. La composition de la boue varie selon le secteur dans lequel l\u2019eau \u00e0 \u00e9t\u00e9 utilis\u00e9e. L\u2019eau \u00e0 \u00e9purer peut aussi bien provenir d\u2019usines, que de foyers.<\/p>\n\n\n\n<h5 class=\"wp-block-heading\">Pourquoi traiter les boues d&rsquo;\u00e9puration ?<\/h5>\n\n\n\n<p class=\"has-text-align-left\">Les boues sont trait\u00e9es pour r\u00e9duire leur volume en vue de limiter les quantit\u00e9s \u00e0 stocker pour l\u2019\u00e9pandage (action de r\u00e9pandre l\u2019engrais, le fumier sur un sol).Elles sont aussi trait\u00e9es\u00a0pour am\u00e9liorer leur composition chimique et leur consistance pour r\u00e9duire leur biod\u00e9gradation.<\/p>\n\n\n\n<h5 class=\"wp-block-heading\">Diff\u00e9rentes \u00e9tapes :<\/h5>\n\n\n\n<div class=\"wp-block-group\"><div class=\"wp-block-group__inner-container is-layout-flow wp-block-group-is-layout-flow\">\n<ul class=\"wp-block-list\"><li>\u00c9paississement&nbsp;(<a rel=\"noreferrer noopener\" href=\"https:\/\/www.europelec.com\/produit\/epaississeur\/\" data-type=\"URL\" data-id=\"https:\/\/www.europelec.com\/produit\/epaississeur\/\" target=\"_blank\"><mark style=\"background-color:#ffffff\" class=\"has-inline-color has-header-gradient-color\">\u00c9paississeur<\/mark><\/a>)<\/li><li>Digestion (<a rel=\"noreferrer noopener\" href=\"http:\/\/ithe.fr\/produits\/decanteur-digesteur\/\" data-type=\"URL\" data-id=\"http:\/\/ithe.fr\/produits\/decanteur-digesteur\/\" target=\"_blank\"><mark style=\"background-color:rgba(0, 0, 0, 0)\" class=\"has-inline-color has-header-gradient-color\">digesteur<\/mark><\/a>)<\/li><li>\u00c9paississement&nbsp;(<a href=\"https:\/\/www.europelec.com\/produit\/epaississeur\/\"><mark style=\"background-color:rgba(0, 0, 0, 0)\" class=\"has-inline-color has-header-gradient-color\">\u00c9paississeur<\/mark><\/a>)<\/li><li>Conditionnement thermique ( r\u00e9acteur, chaudi\u00e8re)<\/li><li>D\u00e9shydratation (<a rel=\"noreferrer noopener\" href=\"https:\/\/www.flottweg.com\/fr\/les-produits\/decanteur\/?msclkid=c7d1585ef58212ca6a593a773ef477cd&amp;utm_campaign=FR_SG&amp;utm_content=Decanter%20Centrifuge%20-%20ex&amp;utm_medium=cpc&amp;utm_source=bing&amp;utm_term=d%C3%A9canteur%20centrifuge&amp;cHash=17e9f50b99e92311fa255805e9b69a4f\" data-type=\"URL\" data-id=\"https:\/\/www.flottweg.com\/fr\/les-produits\/decanteur\/?msclkid=c7d1585ef58212ca6a593a773ef477cd&amp;utm_campaign=FR_SG&amp;utm_content=Decanter%20Centrifuge%20-%20ex&amp;utm_medium=cpc&amp;utm_source=bing&amp;utm_term=d%C3%A9canteur%20centrifuge&amp;cHash=17e9f50b99e92311fa255805e9b69a4f\" target=\"_blank\"><mark style=\"background-color:rgba(0, 0, 0, 0)\" class=\"has-inline-color has-header-gradient-color\">d\u00e9canteur centrifuge<\/mark><\/a>)<\/li><li>Traitement des jus de retour (<a rel=\"noreferrer noopener\" href=\"http:\/\/ithe.fr\/produits\/decanteur-digesteur\/\" data-type=\"URL\" data-id=\"http:\/\/ithe.fr\/produits\/decanteur-digesteur\/\" target=\"_blank\"><mark style=\"background-color:rgba(0, 0, 0, 0)\" class=\"has-inline-color has-header-gradient-color\">digesteur<\/mark><\/a>)<\/li><li>Stockage<\/li><\/ul>\n<\/div><\/div>\n\n\n\n<figure class=\"wp-block-embed is-type-video is-provider-youtube wp-block-embed-youtube wp-embed-aspect-16-9 wp-has-aspect-ratio\"><div class=\"wp-block-embed__wrapper\">\n<iframe loading=\"lazy\" title=\"Proc\u00e9d\u00e9 de s\u00e9chage des boues de stations d&#039;\u00e9purations, version fran\u00e7aise\" width=\"750\" height=\"422\" src=\"https:\/\/www.youtube.com\/embed\/JlZwFem5IJM?feature=oembed\" frameborder=\"0\" allow=\"accelerometer; autoplay; clipboard-write; encrypted-media; gyroscope; picture-in-picture\" allowfullscreen><\/iframe>\n<\/div><\/figure>\n\n\n\n<h5 class=\"wp-block-heading\">Description des \u00e9tapes :<\/h5>\n\n\n\n<p>Suite au traitement biologique de l\u2019eau us\u00e9e on r\u00e9cup\u00e8re de la <strong><em>boue<\/em><\/strong> (mati\u00e8re organique) qu\u2019on va\u00a0stocker dans un <strong><em>silo<\/em><\/strong>. Cette boue va ensuite \u00eatre trait\u00e9e\u00a0gr\u00e2ce \u00e0 plusieurs \u00e9tapes. La 1<sup>er<\/sup>\u00a0\u00e9tape\u00a0est l\u2019<strong><em>\u00e9paississement<\/em><\/strong> \u00a0ce qui consiste \u00e0 augmenter artificiellement la taille des particules gr\u00e2ce \u00e0 un \u00e9paississeur.<\/p>\n\n\n\n<p> On effectue ensuite une <strong><em>digestion<\/em><\/strong> avec un digesteur ce qui permet de r\u00e9duire la masse de la boue de 35 \u00e0 40%. Cela permet \u00e9galement de diminuer les nuisances olfactives (odeurs) tout en produisant une \u00e9nergie (biogaz), cette \u00e9nergie va \u00eatre ensuite r\u00e9utilis\u00e9e\u00a0dans l\u2019installation. <\/p>\n\n\n\n<p>On effectue alors un <strong><em>second \u00e9paississement<\/em><\/strong>, avant de passer au <strong><em>conditionnement thermique<\/em><\/strong> \u00e0 l\u2019aide d\u2019un r\u00e9acteur et d\u2019une chaudi\u00e8re, qui permettent de monter la temp\u00e9rature de la boue entre 180 et 200 degr\u00e9s durant \u00a030 \u00e0 60 minutes. Cette op\u00e9ration <strong><em>transforme sa structure physique et diminue sa r\u00e9sistance<\/em><\/strong>, surtout si elle contient beaucoup de mati\u00e8re organique. <\/p>\n\n\n\n<p>Vient ensuite l\u2019\u00e9tape de la <strong><em>d\u00e9shydratation<\/em><\/strong> par un d\u00e9canteur centrifuge qui va faire passer les boues de l\u2019\u00e9tat liquide \u00e0 l&rsquo;\u00e9tat solide pour que celle-ci soit au moins pelletable. Pour le traitement des <strong><em>jus de retour<\/em><\/strong>, on dispose alors les boues dans le digesteur pour les porter \u00e0 haute\u00a0temp\u00e9rature (50 \u00e0 plus 100 degr\u00e9) afin d\u2019\u00e9liminer bact\u00e9ries et virus.<\/p>\n\n\n\n<p> Suite \u00e0 toutes\u00a0ces \u00e9tapes,\u00a0les\u00a0boues vont \u00eatre\u00a0stock\u00e9es\u00a0puis on peut les <strong><em>utiliser\u00a0en compost ou les incin\u00e9rer<\/em><\/strong>.<\/p>\n\n\n\n<div data-wp-interactive=\"core\/file\" class=\"wp-block-file\"><object data-wp-bind--hidden=\"!state.hasPdfPreview\" hidden class=\"wp-block-file__embed\" data=\"https:\/\/se2u.polsinelli.me\/wp-content\/uploads\/2022\/03\/Traitement-des-boues-1.pdf\" type=\"application\/pdf\" style=\"width:100%;height:600px\" aria-label=\"Contenu embarqu\u00e9 Contenu embarqu\u00e9 Sch\u00e9ma de principe traitement des boues..\"><\/object><a id=\"wp-block-file--media-caec4b95-e545-4460-9d91-39a249c76e01\" href=\"https:\/\/se2u.polsinelli.me\/wp-content\/uploads\/2022\/03\/Traitement-des-boues-1.pdf\">Sch\u00e9ma de principe traitement des boues<\/a><a href=\"https:\/\/se2u.polsinelli.me\/wp-content\/uploads\/2022\/03\/Traitement-des-boues-1.pdf\" class=\"wp-block-file__button\" download aria-describedby=\"wp-block-file--media-caec4b95-e545-4460-9d91-39a249c76e01\">T\u00e9l\u00e9charger<\/a><\/div>\n\n\n\n<p><\/p>\n","protected":false},"excerpt":{"rendered":"<p>Qu&rsquo;est-ce qu&rsquo;une boue d&rsquo;\u00e9puration ? Une boue d\u2019\u00e9puration est un d\u00e9chet produit par une station d\u2019\u00e9puration. La boue contient des mati\u00e8res min\u00e9rales et organiques. La composition de la boue varie selon le secteur dans lequel l\u2019eau \u00e0 \u00e9t\u00e9 utilis\u00e9e. L\u2019eau \u00e0 \u00e9purer peut aussi bien provenir d\u2019usines, que de foyers. [&hellip;]<\/p>\n","protected":false},"author":1,"featured_media":0,"parent":0,"menu_order":0,"comment_status":"closed","ping_status":"closed","template":"","meta":{"qubely_global_settings":"","qubely_interactions":"","footnotes":""},"class_list":["post-76","page","type-page","status-publish","hentry"],"_links":{"self":[{"href":"https:\/\/se2u.polsinelli.me\/index.php\/wp-json\/wp\/v2\/pages\/76","targetHints":{"allow":["GET"]}}],"collection":[{"href":"https:\/\/se2u.polsinelli.me\/index.php\/wp-json\/wp\/v2\/pages"}],"about":[{"href":"https:\/\/se2u.polsinelli.me\/index.php\/wp-json\/wp\/v2\/types\/page"}],"author":[{"embeddable":true,"href":"https:\/\/se2u.polsinelli.me\/index.php\/wp-json\/wp\/v2\/users\/1"}],"replies":[{"embeddable":true,"href":"https:\/\/se2u.polsinelli.me\/index.php\/wp-json\/wp\/v2\/comments?post=76"}],"version-history":[{"count":20,"href":"https:\/\/se2u.polsinelli.me\/index.php\/wp-json\/wp\/v2\/pages\/76\/revisions"}],"predecessor-version":[{"id":470,"href":"https:\/\/se2u.polsinelli.me\/index.php\/wp-json\/wp\/v2\/pages\/76\/revisions\/470"}],"wp:attachment":[{"href":"https:\/\/se2u.polsinelli.me\/index.php\/wp-json\/wp\/v2\/media?parent=76"}],"curies":[{"name":"wp","href":"https:\/\/api.w.org\/{rel}","templated":true}]}}