{"id":581,"date":"2022-10-20T11:27:18","date_gmt":"2022-10-20T09:27:18","guid":{"rendered":"https:\/\/se2u.polsinelli.me\/?page_id=581"},"modified":"2023-04-06T11:31:59","modified_gmt":"2023-04-06T09:31:59","slug":"puissance-requise-pour-le-brassage-2","status":"publish","type":"page","link":"https:\/\/se2u.polsinelli.me\/index.php\/puissance-requise-pour-le-brassage-2\/","title":{"rendered":"Puissance requise pour le brassage"},"content":{"rendered":"\n<h5 class=\"wp-block-heading has-text-align-center\"><span style=\"color: #1470dedb;\" data=\"#1470dedb\" class=\"qubely-text-has-color\"><strong>La puissance n\u00e9cessaire pour le brassage et le maintien des solides en suspension est donn\u00e9e par la relation :<\/strong><\/span><\/h5>\n\n\n<div class=\"wp-block-image\">\n<figure class=\"aligncenter size-full\"><img loading=\"lazy\" decoding=\"async\" width=\"183\" height=\"54\" src=\"http:\/\/se2u.polsinelli.me\/wp-content\/uploads\/2023\/04\/image-8.png\" alt=\"\" class=\"wp-image-653\"\/><\/figure>\n<\/div>\n\n\n<p>Q<sub>O2<\/sub>&nbsp;: Besoin en oxyg\u00e8ne kg\/jour<br>Le&nbsp;: Charge en DBO<sub>5<\/sub><em>&nbsp;\u00e9limin\u00e9<\/em><\/p>\n\n\n\n<p>Avec :<br>Sh\u00a0: Surface horizontale du bassin<br>P : Puissance<\/p>\n","protected":false},"excerpt":{"rendered":"<p>La puissance n\u00e9cessaire pour le brassage et le maintien des solides en suspension est donn\u00e9e par la relation : QO2&nbsp;: Besoin en oxyg\u00e8ne kg\/jourLe&nbsp;: Charge en DBO5&nbsp;\u00e9limin\u00e9 Avec :Sh\u00a0: Surface horizontale du bassinP : Puissance<\/p>\n","protected":false},"author":1,"featured_media":0,"parent":0,"menu_order":0,"comment_status":"closed","ping_status":"closed","template":"","meta":{"qubely_global_settings":"","qubely_interactions":"","footnotes":""},"class_list":["post-581","page","type-page","status-publish","hentry"],"_links":{"self":[{"href":"https:\/\/se2u.polsinelli.me\/index.php\/wp-json\/wp\/v2\/pages\/581","targetHints":{"allow":["GET"]}}],"collection":[{"href":"https:\/\/se2u.polsinelli.me\/index.php\/wp-json\/wp\/v2\/pages"}],"about":[{"href":"https:\/\/se2u.polsinelli.me\/index.php\/wp-json\/wp\/v2\/types\/page"}],"author":[{"embeddable":true,"href":"https:\/\/se2u.polsinelli.me\/index.php\/wp-json\/wp\/v2\/users\/1"}],"replies":[{"embeddable":true,"href":"https:\/\/se2u.polsinelli.me\/index.php\/wp-json\/wp\/v2\/comments?post=581"}],"version-history":[{"count":4,"href":"https:\/\/se2u.polsinelli.me\/index.php\/wp-json\/wp\/v2\/pages\/581\/revisions"}],"predecessor-version":[{"id":657,"href":"https:\/\/se2u.polsinelli.me\/index.php\/wp-json\/wp\/v2\/pages\/581\/revisions\/657"}],"wp:attachment":[{"href":"https:\/\/se2u.polsinelli.me\/index.php\/wp-json\/wp\/v2\/media?parent=581"}],"curies":[{"name":"wp","href":"https:\/\/api.w.org\/{rel}","templated":true}]}}