{"id":536,"date":"2022-10-20T11:05:17","date_gmt":"2022-10-20T09:05:17","guid":{"rendered":"https:\/\/se2u.polsinelli.me\/?page_id=536"},"modified":"2022-10-20T14:30:28","modified_gmt":"2022-10-20T12:30:28","slug":"superficie-ouverte","status":"publish","type":"page","link":"https:\/\/se2u.polsinelli.me\/index.php\/superficie-ouverte\/","title":{"rendered":"Superficie ouverte"},"content":{"rendered":"\n<p class=\"has-text-align-center\">La superficie ouverte de la grille est donn\u00e9e par la relation\u00a0:<\/p>\n\n\n<div class=\"wp-block-image\">\n<figure class=\"aligncenter size-full is-resized\"><img loading=\"lazy\" decoding=\"async\" src=\"http:\/\/se2u.polsinelli.me\/wp-content\/uploads\/2022\/10\/Capture-6.png\" alt=\"\" class=\"wp-image-596\" width=\"134\" height=\"61\" srcset=\"https:\/\/se2u.polsinelli.me\/wp-content\/uploads\/2022\/10\/Capture-6.png 355w, https:\/\/se2u.polsinelli.me\/wp-content\/uploads\/2022\/10\/Capture-6-300x137.png 300w\" sizes=\"auto, (max-width: 134px) 100vw, 134px\" \/><\/figure>\n<\/div>\n\n\n<p>Avec :<\/p>\n\n\n\n<p>Q = D\u00e9bit maximal \u00e0 travers la grille<\/p>\n\n\n\n<p>V = Vitesse de l&rsquo;\u00e9coulement \u00e0 travers la grille<\/p>\n\n\n\n<p>a = Coefficient de passage libre donn\u00e9 par la relation :<\/p>\n\n\n<div class=\"wp-block-image\">\n<figure class=\"aligncenter size-large is-resized\"><img loading=\"lazy\" decoding=\"async\" src=\"http:\/\/se2u.polsinelli.me\/wp-content\/uploads\/2022\/10\/Capture-7-1024x112.png\" alt=\"\" class=\"wp-image-601\" width=\"552\" height=\"59\" srcset=\"https:\/\/se2u.polsinelli.me\/wp-content\/uploads\/2022\/10\/Capture-7-1024x112.png 1024w, https:\/\/se2u.polsinelli.me\/wp-content\/uploads\/2022\/10\/Capture-7-300x33.png 300w, https:\/\/se2u.polsinelli.me\/wp-content\/uploads\/2022\/10\/Capture-7-768x84.png 768w, https:\/\/se2u.polsinelli.me\/wp-content\/uploads\/2022\/10\/Capture-7-1536x168.png 1536w\" sizes=\"auto, (max-width: 552px) 100vw, 552px\" \/><\/figure>\n<\/div>\n\n\n<p>c = Coefficient de colmatage d\u00e9pendant de la qualit\u00e9 de l&rsquo;eau et du syst\u00e8me de reprise des r\u00e9sidus <\/p>\n\n\n\n<p>G\u00e9n\u00e9ralement : <\/p>\n\n\n\n<div class=\"wp-block-columns is-layout-flex wp-container-core-columns-is-layout-9d6595d7 wp-block-columns-is-layout-flex\">\n<div class=\"wp-block-column is-layout-flow wp-block-column-is-layout-flow\"><div class=\"wp-block-image\">\n<figure class=\"aligncenter size-full is-resized\"><img loading=\"lazy\" decoding=\"async\" src=\"http:\/\/se2u.polsinelli.me\/wp-content\/uploads\/2022\/10\/Capture-8.png\" alt=\"\" class=\"wp-image-603\" width=\"217\" height=\"48\" srcset=\"https:\/\/se2u.polsinelli.me\/wp-content\/uploads\/2022\/10\/Capture-8.png 326w, https:\/\/se2u.polsinelli.me\/wp-content\/uploads\/2022\/10\/Capture-8-300x65.png 300w\" sizes=\"auto, (max-width: 217px) 100vw, 217px\" \/><figcaption>Pour une grille manuelle<\/figcaption><\/figure>\n<\/div><\/div>\n\n\n\n<div class=\"wp-block-column is-layout-flow wp-block-column-is-layout-flow\"><div class=\"wp-block-image\">\n<figure class=\"aligncenter size-full is-resized\"><img loading=\"lazy\" decoding=\"async\" src=\"http:\/\/se2u.polsinelli.me\/wp-content\/uploads\/2022\/10\/Capture-9.png\" alt=\"\" class=\"wp-image-605\" width=\"222\" height=\"48\" srcset=\"https:\/\/se2u.polsinelli.me\/wp-content\/uploads\/2022\/10\/Capture-9.png 329w, https:\/\/se2u.polsinelli.me\/wp-content\/uploads\/2022\/10\/Capture-9-300x66.png 300w\" sizes=\"auto, (max-width: 222px) 100vw, 222px\" \/><figcaption>Pour une grille automatique<\/figcaption><\/figure>\n<\/div><\/div>\n<\/div>\n","protected":false},"excerpt":{"rendered":"<p>La superficie ouverte de la grille est donn\u00e9e par la relation\u00a0: Avec : Q = D\u00e9bit maximal \u00e0 travers la grille V = Vitesse de l&rsquo;\u00e9coulement \u00e0 travers la grille a = Coefficient de passage libre donn\u00e9 par la relation : c = Coefficient de colmatage d\u00e9pendant de la qualit\u00e9 [&hellip;]<\/p>\n","protected":false},"author":1,"featured_media":0,"parent":0,"menu_order":0,"comment_status":"closed","ping_status":"closed","template":"","meta":{"qubely_global_settings":"","qubely_interactions":"","footnotes":""},"class_list":["post-536","page","type-page","status-publish","hentry"],"_links":{"self":[{"href":"https:\/\/se2u.polsinelli.me\/index.php\/wp-json\/wp\/v2\/pages\/536","targetHints":{"allow":["GET"]}}],"collection":[{"href":"https:\/\/se2u.polsinelli.me\/index.php\/wp-json\/wp\/v2\/pages"}],"about":[{"href":"https:\/\/se2u.polsinelli.me\/index.php\/wp-json\/wp\/v2\/types\/page"}],"author":[{"embeddable":true,"href":"https:\/\/se2u.polsinelli.me\/index.php\/wp-json\/wp\/v2\/users\/1"}],"replies":[{"embeddable":true,"href":"https:\/\/se2u.polsinelli.me\/index.php\/wp-json\/wp\/v2\/comments?post=536"}],"version-history":[{"count":6,"href":"https:\/\/se2u.polsinelli.me\/index.php\/wp-json\/wp\/v2\/pages\/536\/revisions"}],"predecessor-version":[{"id":607,"href":"https:\/\/se2u.polsinelli.me\/index.php\/wp-json\/wp\/v2\/pages\/536\/revisions\/607"}],"wp:attachment":[{"href":"https:\/\/se2u.polsinelli.me\/index.php\/wp-json\/wp\/v2\/media?parent=536"}],"curies":[{"name":"wp","href":"https:\/\/api.w.org\/{rel}","templated":true}]}}