{"id":511,"date":"2022-10-20T10:34:51","date_gmt":"2022-10-20T08:34:51","guid":{"rendered":"https:\/\/se2u.polsinelli.me\/?page_id=511"},"modified":"2022-10-20T13:21:21","modified_gmt":"2022-10-20T11:21:21","slug":"degrillage","status":"publish","type":"page","link":"https:\/\/se2u.polsinelli.me\/index.php\/degrillage\/","title":{"rendered":"D\u00e9grillage"},"content":{"rendered":"\n<h4 class=\"wp-block-heading\">&#8211; D\u00e9grillage<\/h4>\n\n\n\n<p>Le d\u00e9grillage est le premier poste de traitement pour les eaux us\u00e9es, il permet :<\/p>\n\n\n\n<ul class=\"wp-block-list\"><li>De prot\u00e9ger les ouvrages en avale contre l&rsquo;arriv\u00e9e de gros objets susceptibles de provoquer des bouchages.<\/li><li>De s\u00e9parer et \u00e9vacuer facilement les mati\u00e8res volumineuses charri\u00e9es par l&rsquo;eau brute, qui pourraient nuire \u00e0 l&rsquo;efficacit\u00e9 du traitement.<\/li><\/ul>\n\n\n\n<h5 class=\"has-text-align-center wp-block-heading\"><strong><em>Crit\u00e8res de conception :<\/em><\/strong><\/h5>\n\n\n\n<figure class=\"wp-block-image size-full is-resized\"><img loading=\"lazy\" decoding=\"async\" src=\"http:\/\/se2u.polsinelli.me\/wp-content\/uploads\/2022\/10\/Capture-5.png\" alt=\"\" class=\"wp-image-593\" width=\"836\" height=\"251\" srcset=\"https:\/\/se2u.polsinelli.me\/wp-content\/uploads\/2022\/10\/Capture-5.png 624w, https:\/\/se2u.polsinelli.me\/wp-content\/uploads\/2022\/10\/Capture-5-300x90.png 300w, https:\/\/se2u.polsinelli.me\/wp-content\/uploads\/2022\/10\/Capture-5-600x180.png 600w\" sizes=\"auto, (max-width: 836px) 100vw, 836px\" \/><\/figure>\n","protected":false},"excerpt":{"rendered":"<p>&#8211; D\u00e9grillage Le d\u00e9grillage est le premier poste de traitement pour les eaux us\u00e9es, il permet : De prot\u00e9ger les ouvrages en avale contre l&rsquo;arriv\u00e9e de gros objets susceptibles de provoquer des bouchages. De s\u00e9parer et \u00e9vacuer facilement les mati\u00e8res volumineuses charri\u00e9es par l&rsquo;eau brute, qui pourraient nuire \u00e0 l&rsquo;efficacit\u00e9 [&hellip;]<\/p>\n","protected":false},"author":1,"featured_media":0,"parent":0,"menu_order":0,"comment_status":"closed","ping_status":"closed","template":"","meta":{"qubely_global_settings":"","qubely_interactions":"","footnotes":""},"class_list":["post-511","page","type-page","status-publish","hentry"],"_links":{"self":[{"href":"https:\/\/se2u.polsinelli.me\/index.php\/wp-json\/wp\/v2\/pages\/511","targetHints":{"allow":["GET"]}}],"collection":[{"href":"https:\/\/se2u.polsinelli.me\/index.php\/wp-json\/wp\/v2\/pages"}],"about":[{"href":"https:\/\/se2u.polsinelli.me\/index.php\/wp-json\/wp\/v2\/types\/page"}],"author":[{"embeddable":true,"href":"https:\/\/se2u.polsinelli.me\/index.php\/wp-json\/wp\/v2\/users\/1"}],"replies":[{"embeddable":true,"href":"https:\/\/se2u.polsinelli.me\/index.php\/wp-json\/wp\/v2\/comments?post=511"}],"version-history":[{"count":2,"href":"https:\/\/se2u.polsinelli.me\/index.php\/wp-json\/wp\/v2\/pages\/511\/revisions"}],"predecessor-version":[{"id":594,"href":"https:\/\/se2u.polsinelli.me\/index.php\/wp-json\/wp\/v2\/pages\/511\/revisions\/594"}],"wp:attachment":[{"href":"https:\/\/se2u.polsinelli.me\/index.php\/wp-json\/wp\/v2\/media?parent=511"}],"curies":[{"name":"wp","href":"https:\/\/api.w.org\/{rel}","templated":true}]}}