{"id":508,"date":"2022-10-20T10:33:16","date_gmt":"2022-10-20T08:33:16","guid":{"rendered":"https:\/\/se2u.polsinelli.me\/?page_id=508"},"modified":"2022-10-20T11:01:12","modified_gmt":"2022-10-20T09:01:12","slug":"pretraitement","status":"publish","type":"page","link":"https:\/\/se2u.polsinelli.me\/index.php\/pretraitement\/","title":{"rendered":"Pr\u00e9traitement"},"content":{"rendered":"\n<p>Lorsque les eaux us\u00e9es arrivent \u00e0 la station d&rsquo;\u00e9puration, elles contiennent beaucoup d&rsquo;impuret\u00e9s et notamment de gros objets (branches, lingettes&#8230;) pouvant endommager les installations voir m\u00eame les bouchers. Pour rem\u00e9dier \u00e0 cela, il faut effectuer un pr\u00e9traitement compos\u00e9 du d\u00e9grillage et du d\u00e9shuilage\/dessablage.<\/p>\n\n\n\n<p><\/p>\n","protected":false},"excerpt":{"rendered":"<p>Lorsque les eaux us\u00e9es arrivent \u00e0 la station d&rsquo;\u00e9puration, elles contiennent beaucoup d&rsquo;impuret\u00e9s et notamment de gros objets (branches, lingettes&#8230;) pouvant endommager les installations voir m\u00eame les bouchers. Pour rem\u00e9dier \u00e0 cela, il faut effectuer un pr\u00e9traitement compos\u00e9 du d\u00e9grillage et du d\u00e9shuilage\/dessablage.<\/p>\n","protected":false},"author":1,"featured_media":0,"parent":0,"menu_order":0,"comment_status":"closed","ping_status":"closed","template":"","meta":{"qubely_global_settings":"","qubely_interactions":"","footnotes":""},"class_list":["post-508","page","type-page","status-publish","hentry"],"_links":{"self":[{"href":"https:\/\/se2u.polsinelli.me\/index.php\/wp-json\/wp\/v2\/pages\/508","targetHints":{"allow":["GET"]}}],"collection":[{"href":"https:\/\/se2u.polsinelli.me\/index.php\/wp-json\/wp\/v2\/pages"}],"about":[{"href":"https:\/\/se2u.polsinelli.me\/index.php\/wp-json\/wp\/v2\/types\/page"}],"author":[{"embeddable":true,"href":"https:\/\/se2u.polsinelli.me\/index.php\/wp-json\/wp\/v2\/users\/1"}],"replies":[{"embeddable":true,"href":"https:\/\/se2u.polsinelli.me\/index.php\/wp-json\/wp\/v2\/comments?post=508"}],"version-history":[{"count":3,"href":"https:\/\/se2u.polsinelli.me\/index.php\/wp-json\/wp\/v2\/pages\/508\/revisions"}],"predecessor-version":[{"id":535,"href":"https:\/\/se2u.polsinelli.me\/index.php\/wp-json\/wp\/v2\/pages\/508\/revisions\/535"}],"wp:attachment":[{"href":"https:\/\/se2u.polsinelli.me\/index.php\/wp-json\/wp\/v2\/media?parent=508"}],"curies":[{"name":"wp","href":"https:\/\/api.w.org\/{rel}","templated":true}]}}