{"id":46,"date":"2022-02-24T11:25:47","date_gmt":"2022-02-24T10:25:47","guid":{"rendered":"http:\/\/se2u.polsinelli.me\/?page_id=46"},"modified":"2022-10-20T10:31:08","modified_gmt":"2022-10-20T08:31:08","slug":"dimensionnement","status":"publish","type":"page","link":"https:\/\/se2u.polsinelli.me\/index.php\/dimensionnement\/","title":{"rendered":"Dimensionnement"},"content":{"rendered":"\n<p>La station d&rsquo;\u00e9puration est un outil fondamental pour la protection des milieux naturels. Il faut penser \u00e0 de nombreux param\u00e8tre comme aux extensions ou aux am\u00e9nagements futurs de la ville et de la station elle-m\u00eame. Pour cela, diff\u00e9rentes valeurs sont calcul\u00e9es comme la capacit\u00e9 de certains bassin, les puissances requises pour le bon fonctionnement de certaines installation et bien d&rsquo;autres encore.<\/p>\n\n\n\n<div style=\"height:46px\" aria-hidden=\"true\" class=\"wp-block-spacer\"><\/div>\n\n\n\n<div class=\"wp-block-buttons is-content-justification-center is-layout-flex wp-container-core-buttons-is-layout-16018d1d wp-block-buttons-is-layout-flex\">\n<div class=\"wp-block-button has-custom-width wp-block-button__width-25 is-style-outline is-style-outline--1\"><a class=\"wp-block-button__link has-white-background-color has-background\" href=\"http:\/\/www.ensa-agadir.ac.ma\/wp-content\/uploads\/2017\/04\/Support-de-cours-Dimensionnement-STEP-GPEE-5.pdf\" style=\"border-radius:90px\" target=\"_blank\" rel=\"noreferrer noopener\">Sources<\/a><\/div>\n<\/div>\n\n\n\n<p>\/<\/p>\n\n\n\n<div style=\"height:36px\" aria-hidden=\"true\" class=\"wp-block-spacer\"><\/div>\n\n\n\n<figure class=\"wp-block-image size-full is-resized\"><img loading=\"lazy\" decoding=\"async\" src=\"https:\/\/se2u.polsinelli.me\/wp-content\/uploads\/2022\/10\/telechargement-1-1.jpg\" alt=\"\" class=\"wp-image-500\" width=\"840\" height=\"552\"\/><\/figure>\n","protected":false},"excerpt":{"rendered":"<p>La station d&rsquo;\u00e9puration est un outil fondamental pour la protection des milieux naturels. Il faut penser \u00e0 de nombreux param\u00e8tre comme aux extensions ou aux am\u00e9nagements futurs de la ville et de la station elle-m\u00eame. Pour cela, diff\u00e9rentes valeurs sont calcul\u00e9es comme la capacit\u00e9 de certains bassin, les puissances requises [&hellip;]<\/p>\n","protected":false},"author":1,"featured_media":0,"parent":0,"menu_order":0,"comment_status":"closed","ping_status":"closed","template":"","meta":{"qubely_global_settings":"","qubely_interactions":"","footnotes":""},"class_list":["post-46","page","type-page","status-publish","hentry"],"_links":{"self":[{"href":"https:\/\/se2u.polsinelli.me\/index.php\/wp-json\/wp\/v2\/pages\/46","targetHints":{"allow":["GET"]}}],"collection":[{"href":"https:\/\/se2u.polsinelli.me\/index.php\/wp-json\/wp\/v2\/pages"}],"about":[{"href":"https:\/\/se2u.polsinelli.me\/index.php\/wp-json\/wp\/v2\/types\/page"}],"author":[{"embeddable":true,"href":"https:\/\/se2u.polsinelli.me\/index.php\/wp-json\/wp\/v2\/users\/1"}],"replies":[{"embeddable":true,"href":"https:\/\/se2u.polsinelli.me\/index.php\/wp-json\/wp\/v2\/comments?post=46"}],"version-history":[{"count":9,"href":"https:\/\/se2u.polsinelli.me\/index.php\/wp-json\/wp\/v2\/pages\/46\/revisions"}],"predecessor-version":[{"id":507,"href":"https:\/\/se2u.polsinelli.me\/index.php\/wp-json\/wp\/v2\/pages\/46\/revisions\/507"}],"wp:attachment":[{"href":"https:\/\/se2u.polsinelli.me\/index.php\/wp-json\/wp\/v2\/media?parent=46"}],"curies":[{"name":"wp","href":"https:\/\/api.w.org\/{rel}","templated":true}]}}