{"id":45,"date":"2022-02-24T11:25:47","date_gmt":"2022-02-24T10:25:47","guid":{"rendered":"http:\/\/se2u.polsinelli.me\/?page_id=45"},"modified":"2022-10-19T11:31:35","modified_gmt":"2022-10-19T09:31:35","slug":"les-formations","status":"publish","type":"page","link":"https:\/\/se2u.polsinelli.me\/index.php\/les-formations\/","title":{"rendered":"Les m\u00e9tiers &#038; formations"},"content":{"rendered":"\n<p class=\"has-text-align-center has-bright-blue-color has-text-color has-medium-font-size\" id=\"block-638e5c1c-82d9-473c-a717-a0b9b24b752f\" style=\"line-height:1.6\">Afin de permettre le bon fonctionnement d&rsquo;une station d&rsquo;\u00e9puration, une ou plusieurs personnes y travaillent. Ces personnes exercent diff\u00e9rents m\u00e9tiers tel que chef de station ou encore technicien. <\/p>\n\n\n\n<hr class=\"wp-block-separator has-text-color has-dark-gray-color has-css-opacity has-dark-gray-background-color has-background is-style-wide\"\/>\n\n\n\n<h3 class=\"wp-block-heading\">Les r\u00f4les du technicien : <\/h3>\n\n\n\n<ul class=\"wp-block-list\"><li>G\u00e9rer et contr\u00f4ler le bon d\u00e9roulement des \u00e9tapes de traitements.<\/li><li>Assurer les op\u00e9rations d&rsquo;exploitation des ouvrages et le suivis des \u00e9tapes de traitement.<\/li><li>R\u00e9aliser des contr\u00f4les et des pr\u00e9l\u00e8vements, v\u00e9rifier et relever les analyseurs (appareil permettant de faire des analyses) et assurer le suivi de l&rsquo;ensemble des param\u00e8tres* dans les applications d\u00e9di\u00e9es.<\/li><li>V\u00e9rifier le fonctionnement des \u00e9quipements et des installations, identifier les anomalies ainsi que les actions correctives ou pr\u00e9ventives \u00e0 mener et assurer une maintenance. <\/li><li>Assurer les op\u00e9rations de d\u00e9potage (\u00e9vacuation des boues)<\/li><\/ul>\n\n\n\n<p><\/p>\n\n\n\n<div class=\"wp-block-buttons is-layout-flex wp-block-buttons-is-layout-flex\">\n<div class=\"wp-block-button aligncenter\"><a class=\"wp-block-button__link has-background\" href=\"https:\/\/se2u.polsinelli.me\/index.php\/devenir-technicien-en-station\/\" style=\"background:radial-gradient(rgb(2,3,129) 0%,rgb(40,116,252) 100%)\">Devenir technicien<\/a><\/div>\n<\/div>\n\n\n\n<p class=\"has-text-align-center has-text-color has-medium-font-size\" style=\"color:#ff0000;font-style:normal;font-weight:200\"><strong>Ce travaille implique des responsabilit\u00e9s et un respect tr\u00e8s stricte des r\u00e8gles et des normes de QHSE (Qualit\u00e9 Hygi\u00e8ne S\u00e9curit\u00e9 Environnement) <\/strong><\/p>\n\n\n\n<hr class=\"wp-block-separator has-text-color has-dark-gray-color has-css-opacity has-dark-gray-background-color has-background is-style-wide\"\/>\n\n\n\n<h3 class=\"wp-block-heading\">Les r\u00f4les du chef de station :<\/h3>\n\n\n\n<ul class=\"wp-block-list\"><li>Superviser les diff\u00e9rentes \u00e9quipes n\u00e9cessaires au bon fonctionnement de la station<\/li><li>Contr\u00f4ler quotidiennement l&rsquo;\u00e9volution du traitement<\/li><li>Veiller au respect des normes de son entreprise<\/li><li>Chercher les meilleurs et n\u00e9gocier les tarifs aupr\u00e8s des fournisseurs<\/li><li>Cr\u00e9er un lien entre l&rsquo;entreprise et l&rsquo;ext\u00e9rieur en participant aux diff\u00e9rentes r\u00e9unions externes \u00e0 l&rsquo;entreprise (notamment avec la mairie).<\/li><\/ul>\n\n\n\n<div class=\"wp-block-columns are-vertically-aligned-center is-layout-flex wp-container-core-columns-is-layout-9d6595d7 wp-block-columns-is-layout-flex\">\n<div class=\"wp-block-column is-vertically-aligned-center is-layout-flow wp-block-column-is-layout-flow\" style=\"flex-basis:100%\">\n<div class=\"wp-block-group\"><div class=\"wp-block-group__inner-container is-layout-flow wp-block-group-is-layout-flow\">\n<div class=\"wp-block-buttons is-content-justification-center is-layout-flex wp-container-core-buttons-is-layout-16018d1d wp-block-buttons-is-layout-flex\">\n<div class=\"wp-block-button aligncenter is-style-outline is-style-outline--1\"><a class=\"wp-block-button__link has-white-color has-text-color has-background\" href=\"http:\/\/se2u.polsinelli.me\/index.php\/devenir-chef-de-station\/\" style=\"background:radial-gradient(rgb(2,3,129) 0%,rgb(40,116,252) 100%)\">Devenir chef de station<\/a><\/div>\n<\/div>\n<\/div><\/div>\n<\/div>\n<\/div>\n\n\n\n<p><\/p>\n\n\n\n<hr class=\"wp-block-separator has-text-color has-dark-gray-color has-css-opacity has-dark-gray-background-color has-background is-style-wide\"\/>\n\n\n\n<p>*Parmi ces param\u00e8tres, on trouve:<\/p>\n\n\n\n<p>La turbidit\u00e9 : Mesure et quantifie l&rsquo;\u00e9tat d&rsquo;une eau troubl\u00e9e par des particules en suspensions min\u00e9rales ou organiques. Une valeur \u00e9lev\u00e9e indique une eau tr\u00e8s pollu\u00e9e.<\/p>\n\n\n\n<p>Les MES : Mati\u00e8res en suspension, mesur\u00e9e en mg\/L<\/p>\n\n\n\n<p>Le PH : Potentiel Hydrog\u00e8ne<\/p>\n\n\n\n<p><\/p>\n","protected":false},"excerpt":{"rendered":"<p>Afin de permettre le bon fonctionnement d&rsquo;une station d&rsquo;\u00e9puration, une ou plusieurs personnes y travaillent. Ces personnes exercent diff\u00e9rents m\u00e9tiers tel que chef de station ou encore technicien. Les r\u00f4les du technicien : G\u00e9rer et contr\u00f4ler le bon d\u00e9roulement des \u00e9tapes de traitements. Assurer les op\u00e9rations d&rsquo;exploitation des ouvrages et [&hellip;]<\/p>\n","protected":false},"author":1,"featured_media":0,"parent":0,"menu_order":0,"comment_status":"closed","ping_status":"closed","template":"","meta":{"qubely_global_settings":"","qubely_interactions":"","footnotes":""},"class_list":["post-45","page","type-page","status-publish","hentry"],"_links":{"self":[{"href":"https:\/\/se2u.polsinelli.me\/index.php\/wp-json\/wp\/v2\/pages\/45","targetHints":{"allow":["GET"]}}],"collection":[{"href":"https:\/\/se2u.polsinelli.me\/index.php\/wp-json\/wp\/v2\/pages"}],"about":[{"href":"https:\/\/se2u.polsinelli.me\/index.php\/wp-json\/wp\/v2\/types\/page"}],"author":[{"embeddable":true,"href":"https:\/\/se2u.polsinelli.me\/index.php\/wp-json\/wp\/v2\/users\/1"}],"replies":[{"embeddable":true,"href":"https:\/\/se2u.polsinelli.me\/index.php\/wp-json\/wp\/v2\/comments?post=45"}],"version-history":[{"count":25,"href":"https:\/\/se2u.polsinelli.me\/index.php\/wp-json\/wp\/v2\/pages\/45\/revisions"}],"predecessor-version":[{"id":472,"href":"https:\/\/se2u.polsinelli.me\/index.php\/wp-json\/wp\/v2\/pages\/45\/revisions\/472"}],"wp:attachment":[{"href":"https:\/\/se2u.polsinelli.me\/index.php\/wp-json\/wp\/v2\/media?parent=45"}],"curies":[{"name":"wp","href":"https:\/\/api.w.org\/{rel}","templated":true}]}}