{"id":14,"date":"2022-02-23T23:05:40","date_gmt":"2022-02-23T22:05:40","guid":{"rendered":"http:\/\/se2u.polsinelli.me\/?page_id=14"},"modified":"2023-04-06T09:04:51","modified_gmt":"2023-04-06T07:04:51","slug":"creez-votre-site-avec-des-blocs","status":"publish","type":"page","link":"https:\/\/se2u.polsinelli.me\/","title":{"rendered":"Stations d&rsquo;\u00e9puration &#038; Eaux us\u00e9es"},"content":{"rendered":"\n<div style=\"height:50px\" aria-hidden=\"true\" class=\"wp-block-spacer\"><\/div>\n\n\n\n<p>Bienvenue sur SE<sub>2<\/sub>U, ce site a pour objectif de rendre accessible \u00e0 toute personne s&rsquo;int\u00e9ressant au traitement des eaux us\u00e9es la compr\u00e9hension du principe de fonctionnement d&rsquo;une station d&rsquo;\u00e9puration. Ici, vous d\u00e9couvrirez comment sont trait\u00e9es les eaux us\u00e9es ainsi que les m\u00e9tiers pouvant \u00eatre effectu\u00e9s au sein d&rsquo;une station \u00e0 la suite d&rsquo;un bac pro PCEPC (Proc\u00e9d\u00e9s de la Chimie de l&rsquo;Eau et du Papier Carton).<\/p>\n\n\n\n<div style=\"height:35px\" aria-hidden=\"true\" class=\"wp-block-spacer\"><\/div>\n\n\n\n<p class=\"has-text-align-center\"><strong><em>Qu&rsquo;est-ce qu&rsquo;une station d&rsquo;\u00e9puration ?<\/em><\/strong><\/p>\n\n\n\n<div style=\"height:22px\" aria-hidden=\"true\" class=\"wp-block-spacer\"><\/div>\n\n\n\n<div class=\"wp-block-columns alignwide are-vertically-aligned-top is-layout-flex wp-container-core-columns-is-layout-9d6595d7 wp-block-columns-is-layout-flex\">\n<div class=\"wp-block-column is-vertically-aligned-top is-layout-flow wp-block-column-is-layout-flow\">\n<figure class=\"wp-block-embed is-type-video is-provider-youtube wp-block-embed-youtube wp-embed-aspect-16-9 wp-has-aspect-ratio\"><div class=\"wp-block-embed__wrapper\">\n<iframe loading=\"lazy\" title=\"Dans les coulisses d&#039;une station d&#039;\u00e9puration\" width=\"750\" height=\"422\" src=\"https:\/\/www.youtube.com\/embed\/HbUZIUw-Ma0?feature=oembed\" frameborder=\"0\" allow=\"accelerometer; autoplay; clipboard-write; encrypted-media; gyroscope; picture-in-picture\" allowfullscreen><\/iframe>\n<\/div><\/figure>\n<\/div>\n<\/div>\n","protected":false},"excerpt":{"rendered":"<p>Bienvenue sur SE2U, ce site a pour objectif de rendre accessible \u00e0 toute personne s&rsquo;int\u00e9ressant au traitement des eaux us\u00e9es la compr\u00e9hension du principe de fonctionnement d&rsquo;une station d&rsquo;\u00e9puration. Ici, vous d\u00e9couvrirez comment sont trait\u00e9es les eaux us\u00e9es ainsi que les m\u00e9tiers pouvant \u00eatre effectu\u00e9s au sein d&rsquo;une station \u00e0 [&hellip;]<\/p>\n","protected":false},"author":1,"featured_media":0,"parent":0,"menu_order":0,"comment_status":"closed","ping_status":"closed","template":"","meta":{"qubely_global_settings":"","qubely_interactions":"","footnotes":""},"class_list":["post-14","page","type-page","status-publish","hentry"],"_links":{"self":[{"href":"https:\/\/se2u.polsinelli.me\/index.php\/wp-json\/wp\/v2\/pages\/14","targetHints":{"allow":["GET"]}}],"collection":[{"href":"https:\/\/se2u.polsinelli.me\/index.php\/wp-json\/wp\/v2\/pages"}],"about":[{"href":"https:\/\/se2u.polsinelli.me\/index.php\/wp-json\/wp\/v2\/types\/page"}],"author":[{"embeddable":true,"href":"https:\/\/se2u.polsinelli.me\/index.php\/wp-json\/wp\/v2\/users\/1"}],"replies":[{"embeddable":true,"href":"https:\/\/se2u.polsinelli.me\/index.php\/wp-json\/wp\/v2\/comments?post=14"}],"version-history":[{"count":18,"href":"https:\/\/se2u.polsinelli.me\/index.php\/wp-json\/wp\/v2\/pages\/14\/revisions"}],"predecessor-version":[{"id":610,"href":"https:\/\/se2u.polsinelli.me\/index.php\/wp-json\/wp\/v2\/pages\/14\/revisions\/610"}],"wp:attachment":[{"href":"https:\/\/se2u.polsinelli.me\/index.php\/wp-json\/wp\/v2\/media?parent=14"}],"curies":[{"name":"wp","href":"https:\/\/api.w.org\/{rel}","templated":true}]}}